{"id":4,"date":"2018-05-24T11:19:52","date_gmt":"2018-05-24T11:19:52","guid":{"rendered":"http:\/\/demo.athemes.com\/sydney-temp\/?page_id=4"},"modified":"2022-06-28T16:53:05","modified_gmt":"2022-06-28T14:53:05","slug":"my-front-page","status":"publish","type":"page","link":"https:\/\/smadar.se\/","title":{"rendered":"My front page"},"content":{"rendered":"<h3>Tj\u00e4nster<\/h3>\n<h3>Beslutsst\u00f6dsystem<\/h3>\n<p>Brottas du med utmaningen att f\u00f6rst\u00e5, hantera och<br \/>\npresentera din data p\u00e5 ett begripligt s\u00e4tt?<br \/>\nD\u00e5 kan jag hj\u00e4lpa dig att visualisera data s\u00e5 att den blir enklare att ta till sig f\u00f6r alla inom din organisation.<\/p>\n<p>Kontakta g\u00e4rna mig f\u00f6r diskussion.<br \/>\nJag har m\u00e5nga \u00e5rs erfarenhet fr\u00e5n industri och systemutveckling med specialisering inom Business Intelligence i n\u00e4ra samarbete med anv\u00e4ndare och kunder baserat p\u00e5 olika plattformar\/system.<\/p>\n<h3>Datalager<\/h3>\n<p>Genom att g\u00f6ra det m\u00f6jligt att h\u00e4mta data fr\u00e5n f\u00f6retagets system genom processen ETL (extract, transform, load) fr\u00e5n olika typer av datak\u00e4llor\/system<br \/>\nskapas f\u00f6ruts\u00e4ttningen f\u00f6r att g\u00f6ra den informationen l\u00e4sbar i rapporter och dashboards.<\/p>\n<h3>Rapporter<\/h3>\n<p>Visualiserar aff\u00e4rsdata och skapar merv\u00e4rde f\u00f6r kunder genom att skapa l\u00e4sbara och anv\u00e4ndbara rapporter\/dashboards f\u00f6r uppf\u00f6ljning av nyckeltal<br \/>\nvia verktyg som ex) Power BI, Qlikview,Qlik Sense, Qlikview NPrinting, Microsoft SQL server.<\/p>\n<h3>Kontakt<\/h3>\n<p><img fetchpriority=\"high\" decoding=\"async\" class=\"aligncenter\" src=\"https:\/\/smadar.se\/wp-content\/uploads\/2019\/05\/Anders-C-ny-1-300x296.png\" sizes=\"(max-width: 300px) 100vw, 300px\" srcset=\"https:\/\/smadar.se\/wp-content\/uploads\/2019\/05\/Anders-C-ny-1-300x296.png 300w, https:\/\/smadar.se\/wp-content\/uploads\/2019\/05\/Anders-C-ny-1-100x100.png 100w, https:\/\/smadar.se\/wp-content\/uploads\/2019\/05\/Anders-C-ny-1.png 751w\" alt=\"\" width=\"300\" height=\"296\" \/><\/p>\n<p style=\"text-align: center;\">Anders Carlsson<br \/>\n<a href=\"mailto:anders.carlsson@smadar.se\">anders.carlsson@smadar.se<\/a><\/p>\n<p style=\"text-align: left;\">Vill du ha hj\u00e4lp med l\u00f6sningar inom omr\u00e5det f\u00f6r beslutsst\u00f6d &#8211; business intelligence, som hj\u00e4lper dig att skapa merv\u00e4rde f\u00f6r din verksamhet med den information som finns i dina system. H\u00f6r av dig i s\u00e5na fall, jag har m\u00e5nga \u00e5rs erfarenhet fr\u00e5n just detta inom industri och systemutveckling med specialisering mot Business Intelligence.<br \/>\nI n\u00e4ra samarbete med anv\u00e4ndare\/kunder baserat p\u00e5 olika plattformar har jag l\u00e5ng erfarenhet av f\u00f6r att g\u00f6ra det m\u00f6jligt.Jag erbjuder mina tj\u00e4nster s\u00e5v\u00e4l att underh\u00e5lla befintliga l\u00f6sningar som redan finns eller genom att skapa nya.<\/p>\n<p><img decoding=\"async\" class=\"aligncenter\" src=\"https:\/\/smadar.se\/wp-content\/uploads\/2019\/11\/Anders-Persson-h\u00f6guppl\u00f6st-300x283.jpg\" sizes=\"(max-width: 300px) 100vw, 300px\" srcset=\"https:\/\/smadar.se\/wp-content\/uploads\/2019\/11\/Anders-Persson-h\u00f6guppl\u00f6st-300x283.jpg 300w, https:\/\/smadar.se\/wp-content\/uploads\/2019\/11\/Anders-Persson-h\u00f6guppl\u00f6st-768x724.jpg 768w, https:\/\/smadar.se\/wp-content\/uploads\/2019\/11\/Anders-Persson-h\u00f6guppl\u00f6st-830x782.jpg 830w, https:\/\/smadar.se\/wp-content\/uploads\/2019\/11\/Anders-Persson-h\u00f6guppl\u00f6st-230x217.jpg 230w, https:\/\/smadar.se\/wp-content\/uploads\/2019\/11\/Anders-Persson-h\u00f6guppl\u00f6st-350x330.jpg 350w, https:\/\/smadar.se\/wp-content\/uploads\/2019\/11\/Anders-Persson-h\u00f6guppl\u00f6st-480x452.jpg 480w, https:\/\/smadar.se\/wp-content\/uploads\/2019\/11\/Anders-Persson-h\u00f6guppl\u00f6st.jpg 922w\" alt=\"\" width=\"300\" height=\"283\" \/><\/p>\n<p style=\"text-align: center;\">Anders Persson<br \/>\n<a href=\"mailto:anders.persson@apaab.com\">anders.persson@apaab.com<\/a><\/p>\n<p style=\"text-align: center;\">Styrelseledamot\/Senior Advisor<br \/>\nSerieentrepren\u00f6r med livsl\u00e5ng erfarenhet fr\u00e5n industri och IT.<\/p>\n<h3><\/h3>\n<h3 style=\"text-align: center;\">Nyheter<\/h3>\n<p style=\"text-align: center;\">Maj 2019<br \/>\nSmadar Data AB bildas f\u00f6r erbjudande av Business Intelligence tj\u00e4nster.<br \/>\nMaj 2020<br \/>\nFlytt till nya kontor p\u00e5 address Centralplan1 , 691 32 Karlskoga.<br \/>\nDec 2021<br \/>\nSamarbete startat med NovaSys<br \/>\nEtt n\u00e4tverk av experter <span style=\"font-size: inherit;\">Novasys.nu<\/span><\/p>\n","protected":false},"excerpt":{"rendered":"<p>Tj\u00e4nster Beslutsst\u00f6dsystem Brottas du med utmaningen att f\u00f6rst\u00e5, hantera och presentera din data p\u00e5 ett begripligt s\u00e4tt? D\u00e5 kan jag hj\u00e4lpa dig [&hellip;]<\/p>\n","protected":false},"author":3,"featured_media":827,"parent":31,"menu_order":0,"comment_status":"closed","ping_status":"closed","template":"page-templates\/page_front-page.php","meta":{"footnotes":""},"class_list":["post-4","page","type-page","status-publish","has-post-thumbnail","hentry"],"_links":{"self":[{"href":"https:\/\/smadar.se\/index.php?rest_route=\/wp\/v2\/pages\/4"}],"collection":[{"href":"https:\/\/smadar.se\/index.php?rest_route=\/wp\/v2\/pages"}],"about":[{"href":"https:\/\/smadar.se\/index.php?rest_route=\/wp\/v2\/types\/page"}],"author":[{"embeddable":true,"href":"https:\/\/smadar.se\/index.php?rest_route=\/wp\/v2\/users\/3"}],"replies":[{"embeddable":true,"href":"https:\/\/smadar.se\/index.php?rest_route=%2Fwp%2Fv2%2Fcomments&post=4"}],"version-history":[{"count":44,"href":"https:\/\/smadar.se\/index.php?rest_route=\/wp\/v2\/pages\/4\/revisions"}],"predecessor-version":[{"id":895,"href":"https:\/\/smadar.se\/index.php?rest_route=\/wp\/v2\/pages\/4\/revisions\/895"}],"up":[{"embeddable":true,"href":"https:\/\/smadar.se\/index.php?rest_route=\/wp\/v2\/pages\/31"}],"wp:featuredmedia":[{"embeddable":true,"href":"https:\/\/smadar.se\/index.php?rest_route=\/wp\/v2\/media\/827"}],"wp:attachment":[{"href":"https:\/\/smadar.se\/index.php?rest_route=%2Fwp%2Fv2%2Fmedia&parent=4"}],"curies":[{"name":"wp","href":"https:\/\/api.w.org\/{rel}","templated":true}]}}